{"id":198,"date":"2024-02-07T08:12:44","date_gmt":"2024-02-07T08:12:44","guid":{"rendered":"https:\/\/1zeytinevi.com\/?page_id=198"},"modified":"2024-04-25T20:01:12","modified_gmt":"2024-04-25T20:01:12","slug":"urunlerimiz","status":"publish","type":"page","link":"https:\/\/1zeytinevi.com\/index.php\/urunlerimiz\/","title":{"rendered":"\u00dcR\u00dcNLER\u0130M\u0130Z"},"content":{"rendered":"\n<figure class=\"wp-block-gallery has-nested-images columns-default is-cropped wp-block-gallery-1 is-layout-flex wp-block-gallery-is-layout-flex\">\n<figure class=\"wp-block-image size-large\"><img loading=\"lazy\" decoding=\"async\" width=\"1024\" height=\"702\" data-id=\"151\" src=\"https:\/\/1zeytinevi.com\/wp-content\/uploads\/2023\/10\/cropped-WhatsApp-Image-2023-10-06-at-11.45.16-scaled-1-1024x702.jpeg\" alt=\"\" class=\"wp-image-151\" srcset=\"https:\/\/1zeytinevi.com\/wp-content\/uploads\/2023\/10\/cropped-WhatsApp-Image-2023-10-06-at-11.45.16-scaled-1-1024x702.jpeg 1024w, https:\/\/1zeytinevi.com\/wp-content\/uploads\/2023\/10\/cropped-WhatsApp-Image-2023-10-06-at-11.45.16-scaled-1-600x411.jpeg 600w, https:\/\/1zeytinevi.com\/wp-content\/uploads\/2023\/10\/cropped-WhatsApp-Image-2023-10-06-at-11.45.16-scaled-1-300x206.jpeg 300w, https:\/\/1zeytinevi.com\/wp-content\/uploads\/2023\/10\/cropped-WhatsApp-Image-2023-10-06-at-11.45.16-scaled-1-768x526.jpeg 768w, https:\/\/1zeytinevi.com\/wp-content\/uploads\/2023\/10\/cropped-WhatsApp-Image-2023-10-06-at-11.45.16-scaled-1-1536x1053.jpeg 1536w, https:\/\/1zeytinevi.com\/wp-content\/uploads\/2023\/10\/cropped-WhatsApp-Image-2023-10-06-at-11.45.16-scaled-1-1320x905.jpeg 1320w, https:\/\/1zeytinevi.com\/wp-content\/uploads\/2023\/10\/cropped-WhatsApp-Image-2023-10-06-at-11.45.16-scaled-1.jpeg 2000w\" sizes=\"auto, (max-width: 1024px) 100vw, 1024px\" \/><\/figure>\n\n\n\n<figure class=\"wp-block-image size-large\"><img loading=\"lazy\" decoding=\"async\" width=\"1024\" height=\"768\" data-id=\"102\" src=\"https:\/\/1zeytinevi.com\/wp-content\/uploads\/2023\/10\/WhatsApp-Image-2023-10-06-at-11.45.15-1-1024x768.jpeg\" alt=\"\" class=\"wp-image-102\" srcset=\"https:\/\/1zeytinevi.com\/wp-content\/uploads\/2023\/10\/WhatsApp-Image-2023-10-06-at-11.45.15-1-1024x768.jpeg 1024w, https:\/\/1zeytinevi.com\/wp-content\/uploads\/2023\/10\/WhatsApp-Image-2023-10-06-at-11.45.15-1-scaled-600x450.jpeg 600w, https:\/\/1zeytinevi.com\/wp-content\/uploads\/2023\/10\/WhatsApp-Image-2023-10-06-at-11.45.15-1-300x225.jpeg 300w, https:\/\/1zeytinevi.com\/wp-content\/uploads\/2023\/10\/WhatsApp-Image-2023-10-06-at-11.45.15-1-768x576.jpeg 768w, https:\/\/1zeytinevi.com\/wp-content\/uploads\/2023\/10\/WhatsApp-Image-2023-10-06-at-11.45.15-1-1536x1152.jpeg 1536w, https:\/\/1zeytinevi.com\/wp-content\/uploads\/2023\/10\/WhatsApp-Image-2023-10-06-at-11.45.15-1-2048x1536.jpeg 2048w\" sizes=\"auto, (max-width: 1024px) 100vw, 1024px\" \/><\/figure>\n\n\n\n<figure class=\"wp-block-image size-large\"><img loading=\"lazy\" decoding=\"async\" width=\"1024\" height=\"819\" data-id=\"101\" src=\"https:\/\/1zeytinevi.com\/wp-content\/uploads\/2023\/10\/WhatsApp-Image-2023-10-06-at-11.45.26-1024x819.jpeg\" alt=\"\" class=\"wp-image-101\" srcset=\"https:\/\/1zeytinevi.com\/wp-content\/uploads\/2023\/10\/WhatsApp-Image-2023-10-06-at-11.45.26-1024x819.jpeg 1024w, https:\/\/1zeytinevi.com\/wp-content\/uploads\/2023\/10\/WhatsApp-Image-2023-10-06-at-11.45.26-600x480.jpeg 600w, https:\/\/1zeytinevi.com\/wp-content\/uploads\/2023\/10\/WhatsApp-Image-2023-10-06-at-11.45.26-300x240.jpeg 300w, https:\/\/1zeytinevi.com\/wp-content\/uploads\/2023\/10\/WhatsApp-Image-2023-10-06-at-11.45.26-768x614.jpeg 768w, https:\/\/1zeytinevi.com\/wp-content\/uploads\/2023\/10\/WhatsApp-Image-2023-10-06-at-11.45.26-1536x1229.jpeg 1536w, https:\/\/1zeytinevi.com\/wp-content\/uploads\/2023\/10\/WhatsApp-Image-2023-10-06-at-11.45.26.jpeg 1600w\" sizes=\"auto, (max-width: 1024px) 100vw, 1024px\" \/><\/figure>\n\n\n\n<figure class=\"wp-block-image size-large\"><img loading=\"lazy\" decoding=\"async\" width=\"1024\" height=\"768\" data-id=\"97\" src=\"https:\/\/1zeytinevi.com\/wp-content\/uploads\/2023\/10\/WhatsApp-Image-2023-10-06-at-11.45.27-1024x768.jpeg\" alt=\"\" class=\"wp-image-97\" srcset=\"https:\/\/1zeytinevi.com\/wp-content\/uploads\/2023\/10\/WhatsApp-Image-2023-10-06-at-11.45.27-1024x768.jpeg 1024w, https:\/\/1zeytinevi.com\/wp-content\/uploads\/2023\/10\/WhatsApp-Image-2023-10-06-at-11.45.27-scaled-600x450.jpeg 600w, https:\/\/1zeytinevi.com\/wp-content\/uploads\/2023\/10\/WhatsApp-Image-2023-10-06-at-11.45.27-300x225.jpeg 300w, https:\/\/1zeytinevi.com\/wp-content\/uploads\/2023\/10\/WhatsApp-Image-2023-10-06-at-11.45.27-768x576.jpeg 768w, https:\/\/1zeytinevi.com\/wp-content\/uploads\/2023\/10\/WhatsApp-Image-2023-10-06-at-11.45.27-1536x1152.jpeg 1536w, https:\/\/1zeytinevi.com\/wp-content\/uploads\/2023\/10\/WhatsApp-Image-2023-10-06-at-11.45.27-2048x1536.jpeg 2048w\" sizes=\"auto, (max-width: 1024px) 100vw, 1024px\" \/><\/figure>\n\n\n\n<figure class=\"wp-block-image size-large\"><img loading=\"lazy\" decoding=\"async\" width=\"806\" height=\"1024\" data-id=\"219\" src=\"https:\/\/1zeytinevi.com\/wp-content\/uploads\/2024\/02\/PhotoRoom_20240127_143430-806x1024.jpg\" alt=\"\" class=\"wp-image-219\" srcset=\"https:\/\/1zeytinevi.com\/wp-content\/uploads\/2024\/02\/PhotoRoom_20240127_143430-806x1024.jpg 806w, https:\/\/1zeytinevi.com\/wp-content\/uploads\/2024\/02\/PhotoRoom_20240127_143430-600x762.jpg 600w, https:\/\/1zeytinevi.com\/wp-content\/uploads\/2024\/02\/PhotoRoom_20240127_143430-236x300.jpg 236w, https:\/\/1zeytinevi.com\/wp-content\/uploads\/2024\/02\/PhotoRoom_20240127_143430-768x975.jpg 768w, https:\/\/1zeytinevi.com\/wp-content\/uploads\/2024\/02\/PhotoRoom_20240127_143430-1210x1536.jpg 1210w, https:\/\/1zeytinevi.com\/wp-content\/uploads\/2024\/02\/PhotoRoom_20240127_143430-1613x2048.jpg 1613w, https:\/\/1zeytinevi.com\/wp-content\/uploads\/2024\/02\/PhotoRoom_20240127_143430-47x60.jpg 47w, https:\/\/1zeytinevi.com\/wp-content\/uploads\/2024\/02\/PhotoRoom_20240127_143430-1320x1676.jpg 1320w, https:\/\/1zeytinevi.com\/wp-content\/uploads\/2024\/02\/PhotoRoom_20240127_143430.jpg 1890w\" sizes=\"auto, (max-width: 806px) 100vw, 806px\" \/><\/figure>\n\n\n\n<figure class=\"wp-block-image size-large\"><img loading=\"lazy\" decoding=\"async\" width=\"960\" height=\"658\" data-id=\"217\" src=\"https:\/\/1zeytinevi.com\/wp-content\/uploads\/2024\/02\/PhotoRoom_20240127_143206.jpg\" alt=\"\" class=\"wp-image-217\" srcset=\"https:\/\/1zeytinevi.com\/wp-content\/uploads\/2024\/02\/PhotoRoom_20240127_143206.jpg 960w, https:\/\/1zeytinevi.com\/wp-content\/uploads\/2024\/02\/PhotoRoom_20240127_143206-600x411.jpg 600w, https:\/\/1zeytinevi.com\/wp-content\/uploads\/2024\/02\/PhotoRoom_20240127_143206-300x206.jpg 300w, https:\/\/1zeytinevi.com\/wp-content\/uploads\/2024\/02\/PhotoRoom_20240127_143206-768x526.jpg 768w, https:\/\/1zeytinevi.com\/wp-content\/uploads\/2024\/02\/PhotoRoom_20240127_143206-88x60.jpg 88w\" sizes=\"auto, (max-width: 960px) 100vw, 960px\" \/><\/figure>\n\n\n\n<figure class=\"wp-block-image size-large\"><img loading=\"lazy\" decoding=\"async\" width=\"960\" height=\"640\" data-id=\"215\" src=\"https:\/\/1zeytinevi.com\/wp-content\/uploads\/2024\/02\/PhotoRoom_20240127_143037.jpg\" alt=\"\" class=\"wp-image-215\" srcset=\"https:\/\/1zeytinevi.com\/wp-content\/uploads\/2024\/02\/PhotoRoom_20240127_143037.jpg 960w, https:\/\/1zeytinevi.com\/wp-content\/uploads\/2024\/02\/PhotoRoom_20240127_143037-600x400.jpg 600w, https:\/\/1zeytinevi.com\/wp-content\/uploads\/2024\/02\/PhotoRoom_20240127_143037-300x200.jpg 300w, https:\/\/1zeytinevi.com\/wp-content\/uploads\/2024\/02\/PhotoRoom_20240127_143037-768x512.jpg 768w, https:\/\/1zeytinevi.com\/wp-content\/uploads\/2024\/02\/PhotoRoom_20240127_143037-450x300.jpg 450w, https:\/\/1zeytinevi.com\/wp-content\/uploads\/2024\/02\/PhotoRoom_20240127_143037-90x60.jpg 90w\" sizes=\"auto, (max-width: 960px) 100vw, 960px\" \/><\/figure>\n\n\n\n<figure class=\"wp-block-image size-large\"><img loading=\"lazy\" decoding=\"async\" width=\"1024\" height=\"768\" data-id=\"40\" src=\"https:\/\/1zeytinevi.com\/wp-content\/uploads\/2023\/10\/PHOTO-2023-10-06-11-45-17-1024x768.jpg\" alt=\"\" class=\"wp-image-40\" srcset=\"https:\/\/1zeytinevi.com\/wp-content\/uploads\/2023\/10\/PHOTO-2023-10-06-11-45-17-1024x768.jpg 1024w, https:\/\/1zeytinevi.com\/wp-content\/uploads\/2023\/10\/PHOTO-2023-10-06-11-45-17-scaled-600x450.jpg 600w, https:\/\/1zeytinevi.com\/wp-content\/uploads\/2023\/10\/PHOTO-2023-10-06-11-45-17-300x225.jpg 300w, https:\/\/1zeytinevi.com\/wp-content\/uploads\/2023\/10\/PHOTO-2023-10-06-11-45-17-768x576.jpg 768w, https:\/\/1zeytinevi.com\/wp-content\/uploads\/2023\/10\/PHOTO-2023-10-06-11-45-17-1536x1152.jpg 1536w, https:\/\/1zeytinevi.com\/wp-content\/uploads\/2023\/10\/PHOTO-2023-10-06-11-45-17-2048x1536.jpg 2048w\" sizes=\"auto, (max-width: 1024px) 100vw, 1024px\" \/><\/figure>\n<\/figure>\n\n\n\n<p><\/p>\n","protected":false},"excerpt":{"rendered":"","protected":false},"author":2,"featured_media":0,"parent":0,"menu_order":0,"comment_status":"closed","ping_status":"closed","template":"","meta":{"footnotes":""},"class_list":["post-198","page","type-page","status-publish","hentry"],"jetpack_sharing_enabled":true,"_links":{"self":[{"href":"https:\/\/1zeytinevi.com\/index.php\/wp-json\/wp\/v2\/pages\/198","targetHints":{"allow":["GET"]}}],"collection":[{"href":"https:\/\/1zeytinevi.com\/index.php\/wp-json\/wp\/v2\/pages"}],"about":[{"href":"https:\/\/1zeytinevi.com\/index.php\/wp-json\/wp\/v2\/types\/page"}],"author":[{"embeddable":true,"href":"https:\/\/1zeytinevi.com\/index.php\/wp-json\/wp\/v2\/users\/2"}],"replies":[{"embeddable":true,"href":"https:\/\/1zeytinevi.com\/index.php\/wp-json\/wp\/v2\/comments?post=198"}],"version-history":[{"count":4,"href":"https:\/\/1zeytinevi.com\/index.php\/wp-json\/wp\/v2\/pages\/198\/revisions"}],"predecessor-version":[{"id":253,"href":"https:\/\/1zeytinevi.com\/index.php\/wp-json\/wp\/v2\/pages\/198\/revisions\/253"}],"wp:attachment":[{"href":"https:\/\/1zeytinevi.com\/index.php\/wp-json\/wp\/v2\/media?parent=198"}],"curies":[{"name":"wp","href":"https:\/\/api.w.org\/{rel}","templated":true}]}}